{"id":36,"date":"2020-01-11T12:42:12","date_gmt":"2020-01-11T11:42:12","guid":{"rendered":"https:\/\/www.beneberak.blog\/?page_id=36"},"modified":"2025-04-17T23:34:15","modified_gmt":"2025-04-17T22:34:15","slug":"sobre-nosotros","status":"publish","type":"page","link":"https:\/\/www.beneberak.blog\/?page_id=36","title":{"rendered":"Actitud"},"content":{"rendered":"\n<p>\u201c\u2014Atended a nuestra llamada, escuchad nuestro clamor\u2026 La m\u00e1s oscura de las noches ha llegado, nuestra lucha ha comenzado. No terminar\u00e1 hasta el d\u00eda de nuestra muerte.&nbsp;Fuimos forjados en&nbsp;el arte de la guerra para llevar eterna&nbsp;batalla al opresor y tirano.<\/p>\n\n\n\n<p>Somos&nbsp;la comida del hambriento, la bebida del sediento, la acogida&nbsp;del forastero, la vestimenta del desnudo, la cura del enfermo y la visita al solitario. Somos el escudo que defiende a los d\u00e9biles. Lucharemos fervientemente por quienes nos invoquen en el d\u00eda de su angustia.&nbsp;<\/p>\n\n\n\n<p>\u00a1Aquellos que sufrieron penalidades e injusticias ver\u00e1n el ocaso&nbsp;de sus enemigos!<\/p>\n\n\n\n<p>Entregamos nuestras vidas y nuestro honor como sacrificio viviente&nbsp;y que nuestro&nbsp;fulgor ilumine esta oscura noche y las que est\u00e9n por venir.<\/p>\n\n\n\n<p>Seguidos por el trueno, atacamos primero, Hij@s del Rayo nos llaman.\u201d<\/p>\n","protected":false},"excerpt":{"rendered":"<p>\u201c\u2014Atended a nuestra llamada, escuchad nuestro clamor\u2026 La m\u00e1s oscura de las noches ha llegado, nuestra lucha ha comenzado. No&hellip; <a class=\"read-more\" href=\"https:\/\/www.beneberak.blog\/?page_id=36\">Leer m\u00e1s <span class=\"screen-reader-text\">Actitud<\/span><\/a><\/p>\n","protected":false},"author":1,"featured_media":0,"parent":0,"menu_order":0,"comment_status":"closed","ping_status":"closed","template":"","meta":{"_monsterinsights_skip_tracking":false,"_monsterinsights_sitenote_active":false,"_monsterinsights_sitenote_note":"","_monsterinsights_sitenote_category":0,"footnotes":""},"class_list":["post-36","page","type-page","status-publish","hentry"],"jetpack_sharing_enabled":true,"_links":{"self":[{"href":"https:\/\/www.beneberak.blog\/index.php?rest_route=\/wp\/v2\/pages\/36","targetHints":{"allow":["GET"]}}],"collection":[{"href":"https:\/\/www.beneberak.blog\/index.php?rest_route=\/wp\/v2\/pages"}],"about":[{"href":"https:\/\/www.beneberak.blog\/index.php?rest_route=\/wp\/v2\/types\/page"}],"author":[{"embeddable":true,"href":"https:\/\/www.beneberak.blog\/index.php?rest_route=\/wp\/v2\/users\/1"}],"replies":[{"embeddable":true,"href":"https:\/\/www.beneberak.blog\/index.php?rest_route=%2Fwp%2Fv2%2Fcomments&post=36"}],"version-history":[{"count":5,"href":"https:\/\/www.beneberak.blog\/index.php?rest_route=\/wp\/v2\/pages\/36\/revisions"}],"predecessor-version":[{"id":461,"href":"https:\/\/www.beneberak.blog\/index.php?rest_route=\/wp\/v2\/pages\/36\/revisions\/461"}],"wp:attachment":[{"href":"https:\/\/www.beneberak.blog\/index.php?rest_route=%2Fwp%2Fv2%2Fmedia&parent=36"}],"curies":[{"name":"wp","href":"https:\/\/api.w.org\/{rel}","templated":true}]}}