{"id":34,"date":"2020-01-11T12:42:12","date_gmt":"2020-01-11T11:42:12","guid":{"rendered":"https:\/\/www.beneberak.blog\/?page_id=34"},"modified":"2025-04-17T23:29:29","modified_gmt":"2025-04-17T22:29:29","slug":"donaciones","status":"publish","type":"page","link":"https:\/\/www.beneberak.blog\/?page_id=34","title":{"rendered":"Donaciones"},"content":{"rendered":"\n<h2 class=\"wp-block-heading\">\u26a1 Donaciones que fortalecen nuestra causa \u26a1<\/h2>\n\n\n\n<p>Si has sentido que este proyecto te ha aportado valor, claridad o motivaci\u00f3n\u2026 si en alg\u00fan momento nuestras palabras han encendido algo dentro de ti&#8230; entonces considera devolver esa chispa y ayudarnos a mantener esta llama viva.<\/p>\n\n\n\n<p><strong>Tu aportaci\u00f3n no es solo una donaci\u00f3n: es una inversi\u00f3n en luz, estructura y prop\u00f3sito.<\/strong><\/p>\n\n\n\n<p>\ud83c\udf81 <strong>\u00bfPara qu\u00e9 se usa tu donaci\u00f3n?<\/strong><br>Cada c\u00e9ntimo va destinado a:<\/p>\n\n\n\n<ul class=\"wp-block-list\">\n<li>Mejoras t\u00e9cnicas del sitio web (rendimiento, dise\u00f1o y seguridad).<\/li>\n\n\n\n<li>Adquisici\u00f3n de herramientas premium (por ejemplo, suscripciones anuales que cuestan 99\u202f$ o m\u00e1s).<\/li>\n\n\n\n<li>Extensi\u00f3n del contenido gratuito y de calidad para todos.<\/li>\n<\/ul>\n\n\n\n<p>\ud83d\udee1\ufe0f <strong>Somos transparentes<\/strong>:<br>Pedimos amablemente que te identifiques al realizar la donaci\u00f3n. \u00bfPor qu\u00e9? Porque <strong>nos gusta cuidar a quienes nos cuidan<\/strong>. No prometemos premios, pero <strong>s\u00ed reconocemos el valor de cada gesto<\/strong> y sabremos recompensarlo como merece.<\/p>\n\n\n\n<hr class=\"wp-block-separator has-alpha-channel-opacity\"\/>\n\n\n\n<h2 class=\"wp-block-heading\">\u2764\ufe0f \u00bfC\u00f3mo puedes ayudar?<\/h2>\n\n\n\n<p>Haz clic en el siguiente bot\u00f3n para aportar tu granito de arena.<br><strong>No importa cu\u00e1nto sea<\/strong>, importa el gesto y lo que representa.<\/p>\n\n\n\n<p>\ud83d\udc49 [<strong><a href=\"https:\/\/www.paypal.com\/donate\/?cmd=_s-xclick&amp;hosted_button_id=AV6XWJQGNE39C&amp;ssrt=1744928856228\" data-type=\"link\" data-id=\"https:\/\/www.paypal.com\/donate\/?cmd=_s-xclick&amp;hosted_button_id=AV6XWJQGNE39C&amp;ssrt=1744928856228\">Donar ahora<\/a><\/strong>] (no le hagas caso a lo de \u00abmilitar\u00bb en un sentido literal sino po\u00e9tico)<br><br><strong>Gracias por ser parte activa de esta comunidad.<\/strong><br>Con tu ayuda, este proyecto no solo sobrevive\u2026 <strong>evoluciona<\/strong>.<\/p>\n\n\n\n<p><em>\u00a1Te deseamos un d\u00eda con prop\u00f3sito, fuerza y alegr\u00eda!<\/em><\/p>\n","protected":false},"excerpt":{"rendered":"<p>\u26a1 Donaciones que fortalecen nuestra causa \u26a1 Si has sentido que este proyecto te ha aportado valor, claridad o motivaci\u00f3n\u2026&hellip; <a class=\"read-more\" href=\"https:\/\/www.beneberak.blog\/?page_id=34\">Leer m\u00e1s <span class=\"screen-reader-text\">Donaciones<\/span><\/a><\/p>\n","protected":false},"author":1,"featured_media":0,"parent":0,"menu_order":0,"comment_status":"closed","ping_status":"closed","template":"","meta":{"_monsterinsights_skip_tracking":false,"_monsterinsights_sitenote_active":false,"_monsterinsights_sitenote_note":"","_monsterinsights_sitenote_category":0,"footnotes":""},"class_list":["post-34","page","type-page","status-publish","hentry"],"jetpack_sharing_enabled":true,"_links":{"self":[{"href":"https:\/\/www.beneberak.blog\/index.php?rest_route=\/wp\/v2\/pages\/34","targetHints":{"allow":["GET"]}}],"collection":[{"href":"https:\/\/www.beneberak.blog\/index.php?rest_route=\/wp\/v2\/pages"}],"about":[{"href":"https:\/\/www.beneberak.blog\/index.php?rest_route=\/wp\/v2\/types\/page"}],"author":[{"embeddable":true,"href":"https:\/\/www.beneberak.blog\/index.php?rest_route=\/wp\/v2\/users\/1"}],"replies":[{"embeddable":true,"href":"https:\/\/www.beneberak.blog\/index.php?rest_route=%2Fwp%2Fv2%2Fcomments&post=34"}],"version-history":[{"count":4,"href":"https:\/\/www.beneberak.blog\/index.php?rest_route=\/wp\/v2\/pages\/34\/revisions"}],"predecessor-version":[{"id":458,"href":"https:\/\/www.beneberak.blog\/index.php?rest_route=\/wp\/v2\/pages\/34\/revisions\/458"}],"wp:attachment":[{"href":"https:\/\/www.beneberak.blog\/index.php?rest_route=%2Fwp%2Fv2%2Fmedia&parent=34"}],"curies":[{"name":"wp","href":"https:\/\/api.w.org\/{rel}","templated":true}]}}